{"id":4026,"date":"2020-10-21T16:27:53","date_gmt":"2020-10-21T16:27:53","guid":{"rendered":"http:\/\/www.massumeh.com:8008\/tienda\/?post_type=product&#038;p=4026"},"modified":"2026-04-16T09:38:21","modified_gmt":"2026-04-16T09:38:21","slug":"caviar-silk-hydrolifting-neck-cream","status":"publish","type":"product","link":"https:\/\/www.massumeh.com\/tienda\/producto\/caviar-silk-hydrolifting-neck-cream\/","title":{"rendered":"Caviar &amp; Silk Hydrolifting Neck Cream"},"content":{"rendered":"<p>El extracto de caviar, rico en prote\u00ednas, vitaminas, minerales, oligoelementos, \u00e1cidos grasos esenciales y antioxidantes, aporta beneficios anti-edad, remineralizantes, revitalizantes y protectores para la piel. El hidrolizado de prote\u00ednas de la seda, rico en amino\u00e1cidos, aporta beneficios nutritivos y protectores. El resveratrol aporta beneficios anti-oxidantes, protectores y calmantes mientras los aceites de arg\u00e1n y jojoba nutren y protegen la piel contra la p\u00e9rdida de humedad transepidermal. La elastina marina aporta prote\u00ednas de origen marino. Las c\u00e9lulas madre de arg\u00e1n revitalizan, reafirman y protegen mientras el \u00e1cido hialur\u00f3nico ayuda a mejorar la capacidad de la piel para retener humedad.<\/p>\n<p><strong>MODO DE EMPLEO:<\/strong><br \/>\nPor la ma\u00f1ana y por la noche. Aplicar despu\u00e9s de <em><strong>Caviar Hydrolifting Gel\/Serum<\/strong><\/em>, sobre el cuello y escote mediante suaves toques ascendentes.<\/p>\n","protected":false},"excerpt":{"rendered":"<p>Una f\u00f3rmula avanzada elaborada con extractos de caviar, oro, seda, Centella asi\u00e1tica y Siegesbeckia orientalis, elastina marina, las c\u00e9lulas madre de arg\u00e1n, \u00e1cido hialur\u00f3nico, jojoba y Resveratrol. <strong>50 ml.<\/strong><\/p>\n","protected":false},"featured_media":4137,"comment_status":"open","ping_status":"closed","template":"","meta":{"_et_pb_use_builder":"","_et_pb_old_content":"","_et_gb_content_width":"","_joinchat":[]},"product_brand":[],"product_cat":[93,91],"product_tag":[83],"giftcard-category":[],"class_list":{"0":"post-4026","1":"product","2":"type-product","3":"status-publish","4":"has-post-thumbnail","6":"product_cat-cremas","7":"product_cat-hombre-y-mujer","8":"product_tag-anti-aging","10":"first","11":"instock","12":"taxable","13":"shipping-taxable","14":"purchasable","15":"product-type-simple"},"_links":{"self":[{"href":"https:\/\/www.massumeh.com\/tienda\/wp-json\/wp\/v2\/product\/4026","targetHints":{"allow":["GET"]}}],"collection":[{"href":"https:\/\/www.massumeh.com\/tienda\/wp-json\/wp\/v2\/product"}],"about":[{"href":"https:\/\/www.massumeh.com\/tienda\/wp-json\/wp\/v2\/types\/product"}],"replies":[{"embeddable":true,"href":"https:\/\/www.massumeh.com\/tienda\/wp-json\/wp\/v2\/comments?post=4026"}],"wp:featuredmedia":[{"embeddable":true,"href":"https:\/\/www.massumeh.com\/tienda\/wp-json\/wp\/v2\/media\/4137"}],"wp:attachment":[{"href":"https:\/\/www.massumeh.com\/tienda\/wp-json\/wp\/v2\/media?parent=4026"}],"wp:term":[{"taxonomy":"product_brand","embeddable":true,"href":"https:\/\/www.massumeh.com\/tienda\/wp-json\/wp\/v2\/product_brand?post=4026"},{"taxonomy":"product_cat","embeddable":true,"href":"https:\/\/www.massumeh.com\/tienda\/wp-json\/wp\/v2\/product_cat?post=4026"},{"taxonomy":"product_tag","embeddable":true,"href":"https:\/\/www.massumeh.com\/tienda\/wp-json\/wp\/v2\/product_tag?post=4026"},{"taxonomy":"giftcard-category","embeddable":true,"href":"https:\/\/www.massumeh.com\/tienda\/wp-json\/wp\/v2\/giftcard-category?post=4026"}],"curies":[{"name":"wp","href":"https:\/\/api.w.org\/{rel}","templated":true}]}}