{"id":4022,"date":"2020-10-21T16:02:54","date_gmt":"2020-10-21T16:02:54","guid":{"rendered":"http:\/\/www.massumeh.com:8008\/tienda\/?post_type=product&#038;p=4022"},"modified":"2022-02-28T21:16:19","modified_gmt":"2022-02-28T21:16:19","slug":"caviar-diamond-anti-aging-firming-mask","status":"publish","type":"product","link":"https:\/\/www.massumeh.com\/tienda\/producto\/caviar-diamond-anti-aging-firming-mask\/","title":{"rendered":"Caviar &amp; Diamond Anti-Aging Firming Mask"},"content":{"rendered":"<p>El polvo de diamante aporta beneficios anti-edad, anti-oxidantes y protectores. La perla negra aporta prote\u00ednas, minerales y oligoelementos de origen marino. El hidrolizado de prote\u00ednas de la seda, rico en amino\u00e1cidos, aporta beneficios nutritivos y protectores. El \u00e1cido hialur\u00f3nico hidrata y aporta un potente efecto antiarrugas que mejora la elasticidad del tejido cut\u00e1neo. Eleva, fortalece y reafirma visiblemente la piel. El Syricalm\u00ae da protecci\u00f3n y suavidad a la piel con una potente acci\u00f3n calmante, reduciendo las rojeces. El Raffermine\u00ae es un activo de efecto reafirmante y anti-arrugas que aporta elasticidad y resistencia a la piel, estimulando la s\u00edntesis del col\u00e1geno.<\/p>\n<p><strong>MODO DE EMPLEO:<\/strong><br \/>\nDespu\u00e9s de <em><strong>Caviar Cleansing Emulsion<\/strong><\/em>, aplicar en rostro, cuello, escote y manos una fina capa con las yemas de los dedos y masajear con movimientos circulares ascendentes. Dejar actuar durante 15 minutos. Retirar con agua tibia. Continuar con sus cuidados de belleza Massumeh. Utilizar 1 o 2 veces por semana.<\/p>\n<p>Evitar el contorno de los ojos.<\/p>\n","protected":false},"excerpt":{"rendered":"<p>Una f\u00f3rmula cient\u00edficamente avanzada elaborada con extractos de caviar, polvo de diamante, \u00e1cido hialur\u00f3nico de bajo peso molecular, perla negra, hidrolizado de seda, Syricalm\u00ae y Raffermine\u00ae. El extracto de caviar, rico en prote\u00ednas, vitaminas, minerales, oligoelementos, \u00e1cidos grasos esenciales y antioxidantes, aporta beneficios anti-edad, remineralizantes, revitalizantes y protectores para la piel. 50 ml-<\/p>\n","protected":false},"featured_media":4198,"comment_status":"open","ping_status":"closed","template":"","meta":{"_et_pb_use_builder":"","_et_pb_old_content":"","_et_gb_content_width":"","_joinchat":[]},"product_brand":[],"product_cat":[93,91],"product_tag":[83],"giftcard-category":[],"class_list":{"0":"post-4022","1":"product","2":"type-product","3":"status-publish","4":"has-post-thumbnail","6":"product_cat-cremas","7":"product_cat-hombre-y-mujer","8":"product_tag-anti-aging","10":"first","11":"outofstock","12":"featured","13":"taxable","14":"shipping-taxable","15":"purchasable","16":"product-type-simple"},"_links":{"self":[{"href":"https:\/\/www.massumeh.com\/tienda\/wp-json\/wp\/v2\/product\/4022","targetHints":{"allow":["GET"]}}],"collection":[{"href":"https:\/\/www.massumeh.com\/tienda\/wp-json\/wp\/v2\/product"}],"about":[{"href":"https:\/\/www.massumeh.com\/tienda\/wp-json\/wp\/v2\/types\/product"}],"replies":[{"embeddable":true,"href":"https:\/\/www.massumeh.com\/tienda\/wp-json\/wp\/v2\/comments?post=4022"}],"wp:featuredmedia":[{"embeddable":true,"href":"https:\/\/www.massumeh.com\/tienda\/wp-json\/wp\/v2\/media\/4198"}],"wp:attachment":[{"href":"https:\/\/www.massumeh.com\/tienda\/wp-json\/wp\/v2\/media?parent=4022"}],"wp:term":[{"taxonomy":"product_brand","embeddable":true,"href":"https:\/\/www.massumeh.com\/tienda\/wp-json\/wp\/v2\/product_brand?post=4022"},{"taxonomy":"product_cat","embeddable":true,"href":"https:\/\/www.massumeh.com\/tienda\/wp-json\/wp\/v2\/product_cat?post=4022"},{"taxonomy":"product_tag","embeddable":true,"href":"https:\/\/www.massumeh.com\/tienda\/wp-json\/wp\/v2\/product_tag?post=4022"},{"taxonomy":"giftcard-category","embeddable":true,"href":"https:\/\/www.massumeh.com\/tienda\/wp-json\/wp\/v2\/giftcard-category?post=4022"}],"curies":[{"name":"wp","href":"https:\/\/api.w.org\/{rel}","templated":true}]}}