{"id":4017,"date":"2020-10-21T15:38:27","date_gmt":"2020-10-21T15:38:27","guid":{"rendered":"http:\/\/www.massumeh.com:8008\/tienda\/?post_type=product&#038;p=4017"},"modified":"2026-01-22T09:03:03","modified_gmt":"2026-01-22T09:03:03","slug":"caviar-hydrolifting-night-cream","status":"publish","type":"product","link":"https:\/\/www.massumeh.com\/tienda\/producto\/caviar-hydrolifting-night-cream\/","title":{"rendered":"Caviar Hydrolifting Night Cream"},"content":{"rendered":"<p>Estos ingredientes activos, con un alto contenido en prote\u00ednas, minerales, oligoelementos, vitaminas y antioxidantes, realzan la elasticidad, la luminosidad y la firmeza de la piel, y la ayudan a recuperarse de los da\u00f1os causados por los factores de estr\u00e9s externos como la p\u00e9rdida de humedad, la poluci\u00f3n y las temperaturas extremas.<\/p>\n<p><strong>MODO DE EMPLEO:<\/strong><br \/>\nPor la noche. Despu\u00e9s de <em><strong>Caviar Hydrolifting Gel\/Serum<\/strong><\/em>, aplicar sobre el rostro, cuello y escote, mediante suaves toques ascendentes.<\/p>\n<p>Evitar el contorno de los ojos.<\/p>\n","protected":false},"excerpt":{"rendered":"<p>Una f\u00f3rmula cient\u00edficamente avanzada elaborada con extractos de caviar, activos de seda &amp; oro, perla, complejo de ADN &amp; ARN, \u00e1cido hialur\u00f3nico, azafr\u00e1n, sequoia, loto azul, elastina marina, aloe vera, resveratrol, agua de rosas Damascena, zafiro, pantenol, aceites de aguacate, cal\u00e9ndula y vitamina E, para aportar beneficios anti-edad, remineralizantes, regeneradores y protectores. <strong>50 ml.<\/strong><\/p>\n","protected":false},"featured_media":4139,"comment_status":"open","ping_status":"closed","template":"","meta":{"_et_pb_use_builder":"","_et_pb_old_content":"","_et_gb_content_width":"","_joinchat":[]},"product_brand":[],"product_cat":[93,91],"product_tag":[],"giftcard-category":[],"class_list":{"0":"post-4017","1":"product","2":"type-product","3":"status-publish","4":"has-post-thumbnail","6":"product_cat-cremas","7":"product_cat-hombre-y-mujer","9":"first","10":"instock","11":"taxable","12":"shipping-taxable","13":"purchasable","14":"product-type-simple"},"_links":{"self":[{"href":"https:\/\/www.massumeh.com\/tienda\/wp-json\/wp\/v2\/product\/4017","targetHints":{"allow":["GET"]}}],"collection":[{"href":"https:\/\/www.massumeh.com\/tienda\/wp-json\/wp\/v2\/product"}],"about":[{"href":"https:\/\/www.massumeh.com\/tienda\/wp-json\/wp\/v2\/types\/product"}],"replies":[{"embeddable":true,"href":"https:\/\/www.massumeh.com\/tienda\/wp-json\/wp\/v2\/comments?post=4017"}],"wp:featuredmedia":[{"embeddable":true,"href":"https:\/\/www.massumeh.com\/tienda\/wp-json\/wp\/v2\/media\/4139"}],"wp:attachment":[{"href":"https:\/\/www.massumeh.com\/tienda\/wp-json\/wp\/v2\/media?parent=4017"}],"wp:term":[{"taxonomy":"product_brand","embeddable":true,"href":"https:\/\/www.massumeh.com\/tienda\/wp-json\/wp\/v2\/product_brand?post=4017"},{"taxonomy":"product_cat","embeddable":true,"href":"https:\/\/www.massumeh.com\/tienda\/wp-json\/wp\/v2\/product_cat?post=4017"},{"taxonomy":"product_tag","embeddable":true,"href":"https:\/\/www.massumeh.com\/tienda\/wp-json\/wp\/v2\/product_tag?post=4017"},{"taxonomy":"giftcard-category","embeddable":true,"href":"https:\/\/www.massumeh.com\/tienda\/wp-json\/wp\/v2\/giftcard-category?post=4017"}],"curies":[{"name":"wp","href":"https:\/\/api.w.org\/{rel}","templated":true}]}}