{"id":4015,"date":"2020-10-21T15:29:20","date_gmt":"2020-10-21T15:29:20","guid":{"rendered":"http:\/\/www.massumeh.com:8008\/tienda\/?post_type=product&#038;p=4015"},"modified":"2026-01-22T09:05:20","modified_gmt":"2026-01-22T09:05:20","slug":"caviar-hydrolifting-day-cream-spf-15","status":"publish","type":"product","link":"https:\/\/www.massumeh.com\/tienda\/producto\/caviar-hydrolifting-day-cream-spf-15\/","title":{"rendered":"Caviar Hydrolifting Day Cream \u2013 SPF 15"},"content":{"rendered":"<p>Sus ingredientes activos, con un alto contenido en prote\u00ednas, vitaminas, minerales, oligoelementos y antioxidantes, ayudan a suavizar, regenerar y mejorar la firmeza y textura de la piel, combatiendo los radicales libres y los efectos da\u00f1inos de los factores de estr\u00e9s externos producidos por la p\u00e9rdida de humedad, la poluci\u00f3n y las temperaturas extremas.<\/p>\n<p><strong>MODO DE EMPLEO:<\/strong><br \/>\nPor la ma\u00f1ana. Aplicar despu\u00e9s de Caviar Hydrolifting Gel\/Serum, sobre el rostro, cuello y escote, mediante suaves toques ascendentes.<\/p>\n<p>Evitar el contorno de los ojos.<\/p>\n","protected":false},"excerpt":{"rendered":"<p>Una crema de d\u00eda cient\u00edficamente avanzada elaborada con extractos de caviar, activos de seda &amp; oro, perla, malaquita, complejo de ADN &amp; ARN, \u00e1cido hialur\u00f3nico, azafr\u00e1n, sequoia, loto azul, elastina marina, resveratrol, rosa Damascena, aloe vera, aceite de aguacate, pantenol y vitaminas A &amp; E para aportar beneficios anti-edad, remineralizantes, regeneradores y protectores para la piel. <strong>50 ml.<\/strong><\/p>\n","protected":false},"featured_media":4140,"comment_status":"open","ping_status":"closed","template":"","meta":{"_et_pb_use_builder":"","_et_pb_old_content":"","_et_gb_content_width":"","_joinchat":[]},"product_brand":[],"product_cat":[93,91],"product_tag":[],"giftcard-category":[],"class_list":{"0":"post-4015","1":"product","2":"type-product","3":"status-publish","4":"has-post-thumbnail","6":"product_cat-cremas","7":"product_cat-hombre-y-mujer","9":"first","10":"instock","11":"taxable","12":"shipping-taxable","13":"purchasable","14":"product-type-simple"},"_links":{"self":[{"href":"https:\/\/www.massumeh.com\/tienda\/wp-json\/wp\/v2\/product\/4015","targetHints":{"allow":["GET"]}}],"collection":[{"href":"https:\/\/www.massumeh.com\/tienda\/wp-json\/wp\/v2\/product"}],"about":[{"href":"https:\/\/www.massumeh.com\/tienda\/wp-json\/wp\/v2\/types\/product"}],"replies":[{"embeddable":true,"href":"https:\/\/www.massumeh.com\/tienda\/wp-json\/wp\/v2\/comments?post=4015"}],"wp:featuredmedia":[{"embeddable":true,"href":"https:\/\/www.massumeh.com\/tienda\/wp-json\/wp\/v2\/media\/4140"}],"wp:attachment":[{"href":"https:\/\/www.massumeh.com\/tienda\/wp-json\/wp\/v2\/media?parent=4015"}],"wp:term":[{"taxonomy":"product_brand","embeddable":true,"href":"https:\/\/www.massumeh.com\/tienda\/wp-json\/wp\/v2\/product_brand?post=4015"},{"taxonomy":"product_cat","embeddable":true,"href":"https:\/\/www.massumeh.com\/tienda\/wp-json\/wp\/v2\/product_cat?post=4015"},{"taxonomy":"product_tag","embeddable":true,"href":"https:\/\/www.massumeh.com\/tienda\/wp-json\/wp\/v2\/product_tag?post=4015"},{"taxonomy":"giftcard-category","embeddable":true,"href":"https:\/\/www.massumeh.com\/tienda\/wp-json\/wp\/v2\/giftcard-category?post=4015"}],"curies":[{"name":"wp","href":"https:\/\/api.w.org\/{rel}","templated":true}]}}