{"id":4013,"date":"2020-10-21T15:20:35","date_gmt":"2020-10-21T15:20:35","guid":{"rendered":"http:\/\/www.massumeh.com:8008\/tienda\/?post_type=product&#038;p=4013"},"modified":"2026-01-22T09:07:01","modified_gmt":"2026-01-22T09:07:01","slug":"essential-vitamins-g-l-a","status":"publish","type":"product","link":"https:\/\/www.massumeh.com\/tienda\/producto\/essential-vitamins-g-l-a\/","title":{"rendered":"Essential Vitamins &amp; G.L.A"},"content":{"rendered":"<p>Sus ingredientes activos, con un alto contenido en vitaminas, antioxidantes y \u00e1cidos grasos esenciales, nutren y fortalecen la piel, combatiendo y aliviando la sequedad provocada por los factores de estr\u00e9s externos, como la p\u00e9rdida de humedad, las temperaturas extremas y los cambios clim\u00e1ticos bruscos. Los aceites naturales puros protegen y restauran la barrera natural de humedad de la piel y la dejan suave, tersa y revitalizada.<\/p>\n<p>Ideal para pieles secas y muy secas.<\/p>\n<p><strong>MODO DE EMPLEO:<\/strong><br \/>\nPor la ma\u00f1ana y por la noche. Despu\u00e9s de <em><strong>Caviar Hydrolifting Gel\/Serum<\/strong><\/em>, masajear una peque\u00f1a cantidad en la palma de la mano para liberar los ingredientes activos. Luego, aplicar suavemente sobre las zonas deshidratadas y fr\u00e1giles de cara, cuello y escote. Continuar con su programa habitual de cuidados de belleza Massumeh.<\/p>\n<p>Evitar la aplicaci\u00f3n en el contorno de los ojos.<\/p>\n<p>Mantenga el producto en un lugar seco, oscuro y fresco.<\/p>\n","protected":false},"excerpt":{"rendered":"<p>El extracto de caviar y una selecta combinaci\u00f3n de aceites bot\u00e1nicos y esenciales puros formulada con aceites de germen de trigo, avellana, pepitas de uva, rosa mosqueta, aguacate, arg\u00e1n, borraja, semillas de grosella negra, jojoba, vitaminas A &amp; E y aceites esenciales de rosa y jazm\u00edn por sus propiedades anti-edad, regeneradoras y reestructurantes para la piel. <strong>30 ml.<\/strong><\/p>\n","protected":false},"featured_media":4199,"comment_status":"open","ping_status":"closed","template":"","meta":{"_et_pb_use_builder":"","_et_pb_old_content":"","_et_gb_content_width":"","_joinchat":[]},"product_brand":[],"product_cat":[93,91,90],"product_tag":[],"giftcard-category":[],"class_list":{"0":"post-4013","1":"product","2":"type-product","3":"status-publish","4":"has-post-thumbnail","6":"product_cat-cremas","7":"product_cat-hombre-y-mujer","8":"product_cat-mujer","10":"first","11":"instock","12":"taxable","13":"shipping-taxable","14":"purchasable","15":"product-type-simple"},"_links":{"self":[{"href":"https:\/\/www.massumeh.com\/tienda\/wp-json\/wp\/v2\/product\/4013","targetHints":{"allow":["GET"]}}],"collection":[{"href":"https:\/\/www.massumeh.com\/tienda\/wp-json\/wp\/v2\/product"}],"about":[{"href":"https:\/\/www.massumeh.com\/tienda\/wp-json\/wp\/v2\/types\/product"}],"replies":[{"embeddable":true,"href":"https:\/\/www.massumeh.com\/tienda\/wp-json\/wp\/v2\/comments?post=4013"}],"wp:featuredmedia":[{"embeddable":true,"href":"https:\/\/www.massumeh.com\/tienda\/wp-json\/wp\/v2\/media\/4199"}],"wp:attachment":[{"href":"https:\/\/www.massumeh.com\/tienda\/wp-json\/wp\/v2\/media?parent=4013"}],"wp:term":[{"taxonomy":"product_brand","embeddable":true,"href":"https:\/\/www.massumeh.com\/tienda\/wp-json\/wp\/v2\/product_brand?post=4013"},{"taxonomy":"product_cat","embeddable":true,"href":"https:\/\/www.massumeh.com\/tienda\/wp-json\/wp\/v2\/product_cat?post=4013"},{"taxonomy":"product_tag","embeddable":true,"href":"https:\/\/www.massumeh.com\/tienda\/wp-json\/wp\/v2\/product_tag?post=4013"},{"taxonomy":"giftcard-category","embeddable":true,"href":"https:\/\/www.massumeh.com\/tienda\/wp-json\/wp\/v2\/giftcard-category?post=4013"}],"curies":[{"name":"wp","href":"https:\/\/api.w.org\/{rel}","templated":true}]}}