{"id":4001,"date":"2020-10-21T13:03:45","date_gmt":"2020-10-21T13:03:45","guid":{"rendered":"http:\/\/www.massumeh.com:8008\/tienda\/?post_type=product&#038;p=4001"},"modified":"2026-01-22T09:08:09","modified_gmt":"2026-01-22T09:08:09","slug":"caviar-diamond-hydrolifting-day-cream-spf-5","status":"publish","type":"product","link":"https:\/\/www.massumeh.com\/tienda\/producto\/caviar-diamond-hydrolifting-day-cream-spf-5\/","title":{"rendered":"Caviar &amp; Diamond Hydrolifting Day Cream SPF 50"},"content":{"rendered":"<p>El polvo de diamante marca la diferencia definitiva en calidad y tecnolog\u00eda avanzada, otorgando un poderoso efecto antienvejecimiento y regenerador que beneficia a la piel al instante. Los filtros solares de amplio espectro aportan una protecci\u00f3n \u00f3ptima contra las radiaciones da\u00f1inas del sol ayudando a retrasar el envejecimiento prematuro. El extracto de caviar, rico en prote\u00ednas, vitaminas, minerales, oligoelementos, \u00e1cidos grasos esenciales y antioxidantes, aporta beneficios remineralizantes, revitalizantes y protectores para la piel. El gluc\u00f3geno aporta protecci\u00f3n frente a ondas electromagn\u00e9ticas y neutraliza los efectos nocivos de la contaminaci\u00f3n electr\u00f3nica que generan m\u00f3viles, tabletas y televisores. Ideal para todo tipo de piel.<\/p>\n<p><strong>MODO DE EMPLEO:<\/strong><br \/>\nPor la ma\u00f1ana. Antes de exponerse al sol, aplicar de manera uniforme sobre la piel limpia y tonificada, en cara, cuello y escote. Repetir la aplicaci\u00f3n con frecuencia en caso de una exposici\u00f3n prolongada al sol.<\/p>\n<p>Evitar el contorno de los ojos.<\/p>\n<p>\u00a0<\/p>\n","protected":false},"excerpt":{"rendered":"<p>Una crema de d\u00eda cient\u00edficamente avanzada elaborada con extractos de caviar, polvo de diamante, gluc\u00f3geno, activos hidratantes y calmantes , filtros solares de amplio espectro, vitamina E por sus beneficios anti-edad, remineralizantes, regeneradores y protectores para la piel. <strong>50 ml.<\/strong><\/p>\n","protected":false},"featured_media":4201,"comment_status":"open","ping_status":"closed","template":"","meta":{"_et_pb_use_builder":"off","_et_pb_old_content":"El polvo de diamante marca la diferencia definitiva en calidad y tecnolog\u00eda avanzada, otorgando un poderoso efecto antienvejecimiento y regenerador que beneficia a la piel al instante. Los filtros solares de amplio espectro aportan una protecci\u00f3n \u00f3ptima contra las radiaciones da\u00f1inas del sol ayudando a retrasar el envejecimiento prematuro. El extracto de caviar, rico en prote\u00ednas, vitaminas, minerales, oligoelementos, \u00e1cidos grasos esenciales y antioxidantes, aporta beneficios remineralizantes, revitalizantes y protectores para la piel. El gluc\u00f3geno aporta protecci\u00f3n frente a ondas electromagn\u00e9ticas y neutraliza los efectos nocivos de la contaminaci\u00f3n electr\u00f3nica que generan m\u00f3viles, tabletas y televisores. Ideal para todo tipo de piel.\r\n\r\n<strong>MODO DE EMPLEO:<\/strong>\r\nPor la ma\u00f1ana. Antes de exponerse al sol, aplicar de manera uniforme sobre la piel limpia y tonificada, en cara, cuello y escote. Repetir la aplicaci\u00f3n con frecuencia en caso de una exposici\u00f3n prolongada al sol.\r\n\r\nEvitar el contorno de los ojos.\r\n\r\n&nbsp;","_et_gb_content_width":"","_joinchat":[]},"product_brand":[],"product_cat":[93,91,90],"product_tag":[83],"giftcard-category":[],"class_list":{"0":"post-4001","1":"product","2":"type-product","3":"status-publish","4":"has-post-thumbnail","6":"product_cat-cremas","7":"product_cat-hombre-y-mujer","8":"product_cat-mujer","9":"product_tag-anti-aging","11":"first","12":"instock","13":"taxable","14":"shipping-taxable","15":"purchasable","16":"product-type-simple"},"_links":{"self":[{"href":"https:\/\/www.massumeh.com\/tienda\/wp-json\/wp\/v2\/product\/4001","targetHints":{"allow":["GET"]}}],"collection":[{"href":"https:\/\/www.massumeh.com\/tienda\/wp-json\/wp\/v2\/product"}],"about":[{"href":"https:\/\/www.massumeh.com\/tienda\/wp-json\/wp\/v2\/types\/product"}],"replies":[{"embeddable":true,"href":"https:\/\/www.massumeh.com\/tienda\/wp-json\/wp\/v2\/comments?post=4001"}],"wp:featuredmedia":[{"embeddable":true,"href":"https:\/\/www.massumeh.com\/tienda\/wp-json\/wp\/v2\/media\/4201"}],"wp:attachment":[{"href":"https:\/\/www.massumeh.com\/tienda\/wp-json\/wp\/v2\/media?parent=4001"}],"wp:term":[{"taxonomy":"product_brand","embeddable":true,"href":"https:\/\/www.massumeh.com\/tienda\/wp-json\/wp\/v2\/product_brand?post=4001"},{"taxonomy":"product_cat","embeddable":true,"href":"https:\/\/www.massumeh.com\/tienda\/wp-json\/wp\/v2\/product_cat?post=4001"},{"taxonomy":"product_tag","embeddable":true,"href":"https:\/\/www.massumeh.com\/tienda\/wp-json\/wp\/v2\/product_tag?post=4001"},{"taxonomy":"giftcard-category","embeddable":true,"href":"https:\/\/www.massumeh.com\/tienda\/wp-json\/wp\/v2\/giftcard-category?post=4001"}],"curies":[{"name":"wp","href":"https:\/\/api.w.org\/{rel}","templated":true}]}}