{"id":3999,"date":"2020-10-21T12:49:42","date_gmt":"2020-10-21T12:49:42","guid":{"rendered":"http:\/\/www.massumeh.com:8008\/tienda\/?post_type=product&#038;p=3999"},"modified":"2026-05-06T08:43:05","modified_gmt":"2026-05-06T08:43:05","slug":"golden-caviar-eye-contour-cream","status":"publish","type":"product","link":"https:\/\/www.massumeh.com\/tienda\/producto\/golden-caviar-eye-contour-cream\/","title":{"rendered":"Golden Caviar Eye Contour Cream"},"content":{"rendered":"<p>Sus ingredientes activos, con un alto contenido en prote\u00ednas, vitaminas, minerales, oligoelementos y antioxidantes, aportan beneficios reafirmantes y revitalizantes para la delicada y fr\u00e1gil zona del contorno de los ojos, ayudando a restaurar la barrera natural de humedad de la piel.<\/p>\n<p><strong>MODO DE EMPLEO:<\/strong><br \/>\nPor la ma\u00f1ana y por la noche. Aplicar con suaves toques alrededor del contorno de ojos, evitando estirar o arrastrar la piel.<\/p>\n","protected":false},"excerpt":{"rendered":"<p>Una crema anti-edad fina y sedosa formulada con extractos de caviar, activos de seda &amp; oro, Kigelia Africana, aceites de arg\u00e1n y de jojoba, \u00e1cido hialur\u00f3nico, elastina marina, resveratrol, F.H.N, aloe vera y vitamina E por sus propiedades anti-edad, remineralizantes, regeneradoras y protectoras para la piel. <strong>15 ml.<\/strong><\/p>\n","protected":false},"featured_media":4147,"comment_status":"open","ping_status":"closed","template":"","meta":{"_et_pb_use_builder":"","_et_pb_old_content":"","_et_gb_content_width":"","_joinchat":[]},"product_brand":[],"product_cat":[93,91],"product_tag":[83],"giftcard-category":[],"class_list":{"0":"post-3999","1":"product","2":"type-product","3":"status-publish","4":"has-post-thumbnail","6":"product_cat-cremas","7":"product_cat-hombre-y-mujer","8":"product_tag-anti-aging","10":"first","11":"instock","12":"taxable","13":"shipping-taxable","14":"purchasable","15":"product-type-simple"},"_links":{"self":[{"href":"https:\/\/www.massumeh.com\/tienda\/wp-json\/wp\/v2\/product\/3999","targetHints":{"allow":["GET"]}}],"collection":[{"href":"https:\/\/www.massumeh.com\/tienda\/wp-json\/wp\/v2\/product"}],"about":[{"href":"https:\/\/www.massumeh.com\/tienda\/wp-json\/wp\/v2\/types\/product"}],"replies":[{"embeddable":true,"href":"https:\/\/www.massumeh.com\/tienda\/wp-json\/wp\/v2\/comments?post=3999"}],"wp:featuredmedia":[{"embeddable":true,"href":"https:\/\/www.massumeh.com\/tienda\/wp-json\/wp\/v2\/media\/4147"}],"wp:attachment":[{"href":"https:\/\/www.massumeh.com\/tienda\/wp-json\/wp\/v2\/media?parent=3999"}],"wp:term":[{"taxonomy":"product_brand","embeddable":true,"href":"https:\/\/www.massumeh.com\/tienda\/wp-json\/wp\/v2\/product_brand?post=3999"},{"taxonomy":"product_cat","embeddable":true,"href":"https:\/\/www.massumeh.com\/tienda\/wp-json\/wp\/v2\/product_cat?post=3999"},{"taxonomy":"product_tag","embeddable":true,"href":"https:\/\/www.massumeh.com\/tienda\/wp-json\/wp\/v2\/product_tag?post=3999"},{"taxonomy":"giftcard-category","embeddable":true,"href":"https:\/\/www.massumeh.com\/tienda\/wp-json\/wp\/v2\/giftcard-category?post=3999"}],"curies":[{"name":"wp","href":"https:\/\/api.w.org\/{rel}","templated":true}]}}